{"id":185,"date":"2023-05-27T09:11:07","date_gmt":"2023-05-27T09:11:07","guid":{"rendered":"https:\/\/14patios.com\/?page_id=185"},"modified":"2023-05-27T09:11:43","modified_gmt":"2023-05-27T09:11:43","slug":"terminos-y-condiciones","status":"publish","type":"page","link":"https:\/\/14patios.com\/index.php\/terminos-y-condiciones\/","title":{"rendered":"Terminos y Condiciones"},"content":{"rendered":"<p>[et_pb_section fb_built=\u00bb1&#8243; _builder_version=\u00bb4.21.0&#8243; background_color=\u00bb#000000&#8243; custom_padding=\u00bb23px|||||\u00bb global_colors_info=\u00bb{}\u00bb theme_builder_area=\u00bbpost_content\u00bb][et_pb_row _builder_version=\u00bb4.16&#8243; background_size=\u00bbinitial\u00bb background_position=\u00bbtop_left\u00bb background_repeat=\u00bbrepeat\u00bb global_colors_info=\u00bb{}\u00bb theme_builder_area=\u00bbpost_content\u00bb][et_pb_column type=\u00bb4_4&#8243; _builder_version=\u00bb4.16&#8243; custom_padding=\u00bb|||\u00bb global_colors_info=\u00bb{}\u00bb custom_padding__hover=\u00bb|||\u00bb theme_builder_area=\u00bbpost_content\u00bb][et_pb_text _builder_version=\u00bb4.21.0&#8243; text_text_color=\u00bb#FFFFFF\u00bb header_2_text_color=\u00bb#FFFFFF\u00bb background_size=\u00bbinitial\u00bb background_position=\u00bbtop_left\u00bb background_repeat=\u00bbrepeat\u00bb text_orientation=\u00bbcenter\u00bb global_colors_info=\u00bb{}\u00bb theme_builder_area=\u00bbpost_content\u00bb]<\/p>\n<h2><\/h2>\n<h2>T\u00e9rminos y condiciones<\/h2>\n<p>&nbsp;<\/p>\n<p>Bienvenido a la p\u00e1gina de t\u00e9rminos y condiciones de uso del sitio web www.14patios.com. Esta p\u00e1gina tiene como objetivo informarle sobre los derechos y obligaciones que tiene al acceder y navegar por nuestro sitio web, as\u00ed como las responsabilidades que asumimos como propietarios y administradores del mismo.<\/p>\n<p>Al ingresar a nuestro sitio web, usted acepta cumplir con los siguientes t\u00e9rminos y condiciones:<\/p>\n<p>&#8211; Usted es el \u00fanico responsable de hacer un uso adecuado y legal de nuestro sitio web, respetando la legislaci\u00f3n vigente, la buena fe y el orden p\u00fablico.<br \/>&#8211; Usted se compromete a no realizar ninguna acci\u00f3n que pueda da\u00f1ar, inutilizar, sobrecargar o deteriorar nuestro sitio web o impedir su normal funcionamiento.<br \/>&#8211; Usted se compromete a no introducir o difundir virus inform\u00e1ticos, programas maliciosos, mensajes injuriosos, difamatorios o que atenten contra la dignidad, la intimidad o los derechos de terceros.<br \/>&#8211; Usted se compromete a no utilizar nuestro sitio web con fines comerciales, publicitarios o fraudulentos, sin nuestra autorizaci\u00f3n previa y por escrito.<br \/>&#8211; Usted reconoce y acepta que somos los titulares o licenciatarios de todos los derechos de propiedad intelectual e industrial sobre nuestro sitio web, su dise\u00f1o, sus contenidos, sus funcionalidades y sus marcas.<\/p>\n<p>Por lo tanto, queda prohibida la reproducci\u00f3n, copia, distribuci\u00f3n, transformaci\u00f3n o comunicaci\u00f3n p\u00fablica de nuestro sitio web o de cualquiera de sus elementos, sin nuestra autorizaci\u00f3n previa y por escrito.<\/p>\n<p>Nuestro sitio web utiliza cookies propias y de terceros para mejorar su experiencia de usuario, analizar el tr\u00e1fico y ofrecerle contenidos personalizados. Las cookies son peque\u00f1os archivos que se almacenan en su navegador cuando visita nuestro sitio web. Usted puede aceptar, rechazar o configurar el uso de las cookies en cualquier momento desde nuestro panel de configuraci\u00f3n. Para m\u00e1s informaci\u00f3n sobre las cookies que utilizamos y c\u00f3mo gestionarlas, puede consultar nuestra pol\u00edtica de cookies.<\/p>\n<p>Nos reservamos el derecho de modificar o actualizar los t\u00e9rminos y condiciones de uso de nuestro sitio web en cualquier momento y sin previo aviso. Le recomendamos que revise peri\u00f3dicamente esta p\u00e1gina para estar al tanto de los cambios que puedan afectarle.<\/p>\n<p>Si tiene alguna duda o consulta sobre los t\u00e9rminos y condiciones de uso de nuestro sitio web, puede contactarnos a trav\u00e9s del formulario de contacto que encontrar\u00e1 en nuestra p\u00e1gina.<\/p>\n<p>Gracias por visitar www.14patios.com.<\/p>\n<p>[\/et_pb_text][et_pb_image src=\u00bbhttps:\/\/14patios.com\/wp-content\/uploads\/2023\/03\/los14patioslogo2.png\u00bb title_text=\u00bblos14patioslogo2&#8243; url=\u00bbhttps:\/\/14patios.com\/\u00bb _builder_version=\u00bb4.21.0&#8243; _module_preset=\u00bbdefault\u00bb width=\u00bb22%\u00bb module_alignment=\u00bbcenter\u00bb global_colors_info=\u00bb{}\u00bb theme_builder_area=\u00bbpost_content\u00bb][\/et_pb_image][et_pb_menu menu_style=\u00bbcentered\u00bb active_link_color=\u00bb#FFFFFF\u00bb _builder_version=\u00bb4.21.0&#8243; _module_preset=\u00bbdefault\u00bb menu_text_color=\u00bb#FFFFFF\u00bb background_enable_color=\u00bboff\u00bb global_colors_info=\u00bb{}\u00bb theme_builder_area=\u00bbpost_content\u00bb][\/et_pb_menu][\/et_pb_column][\/et_pb_row][\/et_pb_section]<\/p>\n","protected":false},"excerpt":{"rendered":"<p>T\u00e9rminos y condiciones &nbsp; Bienvenido a la p\u00e1gina de t\u00e9rminos y condiciones de uso del sitio web www.14patios.com. Esta p\u00e1gina tiene como objetivo informarle sobre los derechos y obligaciones que tiene al acceder y navegar por nuestro sitio web, as\u00ed como las responsabilidades que asumimos como propietarios y administradores del mismo. Al ingresar a nuestro [&hellip;]<\/p>\n","protected":false},"author":1,"featured_media":0,"parent":0,"menu_order":0,"comment_status":"closed","ping_status":"closed","template":"page-template-blank.php","meta":{"_et_pb_use_builder":"on","_et_pb_old_content":"","_et_gb_content_width":"","footnotes":""},"class_list":["post-185","page","type-page","status-publish","hentry"],"_links":{"self":[{"href":"https:\/\/14patios.com\/index.php\/wp-json\/wp\/v2\/pages\/185","targetHints":{"allow":["GET"]}}],"collection":[{"href":"https:\/\/14patios.com\/index.php\/wp-json\/wp\/v2\/pages"}],"about":[{"href":"https:\/\/14patios.com\/index.php\/wp-json\/wp\/v2\/types\/page"}],"author":[{"embeddable":true,"href":"https:\/\/14patios.com\/index.php\/wp-json\/wp\/v2\/users\/1"}],"replies":[{"embeddable":true,"href":"https:\/\/14patios.com\/index.php\/wp-json\/wp\/v2\/comments?post=185"}],"version-history":[{"count":2,"href":"https:\/\/14patios.com\/index.php\/wp-json\/wp\/v2\/pages\/185\/revisions"}],"predecessor-version":[{"id":187,"href":"https:\/\/14patios.com\/index.php\/wp-json\/wp\/v2\/pages\/185\/revisions\/187"}],"wp:attachment":[{"href":"https:\/\/14patios.com\/index.php\/wp-json\/wp\/v2\/media?parent=185"}],"curies":[{"name":"wp","href":"https:\/\/api.w.org\/{rel}","templated":true}]}}